{"id":87,"date":"2018-04-24T16:56:05","date_gmt":"2018-04-24T16:56:05","guid":{"rendered":"http:\/\/developedby.blankpages.de\/se20\/?page_id=87"},"modified":"2018-07-18T20:22:25","modified_gmt":"2018-07-18T20:22:25","slug":"impressum","status":"publish","type":"page","link":"https:\/\/www.se-logistic.eu\/de\/impressum\/","title":{"rendered":"Impressum"},"content":{"rendered":"<fieldset>\n<legend>Unternehmen:<\/legend>\n<p>Firmensitz:\u00a0\u00a0\u00a0\u00a0\u00a0\u00a0\u00a0\u00a0<img loading=\"lazy\" decoding=\"async\" class=\"size-full wp-image-187 alignright\" src=\"https:\/\/www.se-logistic.eu\/de\/wp-content\/uploads\/2018\/05\/logoimprint.jpg\" alt=\"\" width=\"139\" height=\"43\" \/><\/p>\n<p>SE-LOGISTIC<br \/>\nCannstatter Str. 76<br \/>\nD-70734 Fellbach<\/p>\n<p>Kontakt:\u00a0\u00a0\u00a0\u00a0\u00a0\u00a0\u00a0\u00a0\u00a0\u00a0Tel.: +49 711 5708-356<br \/>\nFax.: +49 711 5708-357<br \/>\nE-Mail:\u00a0<img loading=\"lazy\" decoding=\"async\" class=\"alignnone size-full wp-image-186\" src=\"https:\/\/www.se-logistic.eu\/de\/wp-content\/uploads\/2018\/05\/mailaddy.gif\" alt=\"\" width=\"106\" height=\"12\" \/><\/p>\n<p>USt-Nr.: \u00a0\u00a0\u00a0\u00a0\u00a0\u00a0\u00a0\u00a0\u00a0\u00a0DE194524395<\/p>\n<p>Gerichtsstand und Erf\u00fcllungsort:\u00a0\u00a0\u00a0Stuttgart<\/p>\n<p>Handelsregisternummer: HRA 726336<br \/>\nGesch\u00e4ftsleitung: S. Ehrhardt<br \/>\nGesch\u00e4ftsfelder:\u00a0\u00a0Landtransport \/ Luftfracht \/ Logistikdienstleistungen \/ Seefracht \/ Zollagent<\/fieldset>\n<p>&nbsp;<\/p>\n<fieldset>\n<legend>Bildnachweise:<\/legend>\n<p>Dargestellte Bilder sind gemeinfrei (Public Domain) entsprechend der Verzichtserkl\u00e4rung <a href=\"https:\/\/creativecommons.org\/publicdomain\/zero\/1.0\/deed.de\">Creative Commons CC0<\/a>.\u00a0 Wir danken Pixabay f\u00fcr diesen Service.\u00a0 Die Abbildung von Logos, Marken, Objekte, etc. unterliegen dem Urheberrecht des jeweiligen Inhabers.<\/fieldset>\n<p>&nbsp;<\/p>\n<fieldset>\n<legend>AGB&#8217;s (Kurzform)<\/legend>\n<p>Wir arbeiten ausschliesslich zu den Allgemeinen Deutschen Spediteursbedingungen (ADSp), neuester Fassung und haben OpenWorldCover bei der N\u00fcrnberger Versicherungsgruppe gezeichnet.<\/fieldset>\n<p>&nbsp;<\/p>\n<fieldset>\n<legend>Copyright<\/legend>\n<p>Die Inhalte dieser Internetpr\u00e4senz sind urheberrechtlich gesch\u00fctzt. Die Nutzung ist nur zu dem von SE-LOGISTIC beabsichtigten Zweck zul\u00e4ssig. Jede Vervielf\u00e4ltigung, Vorf\u00fchrung, Sendung und\/oder Leihe der kompletten Internetpr\u00e4senz oder einzelner Inhalte ist ohne vorherige schriftliche Einwilligung des Rechteinhabers untersagt. Zuwiderhandlungen ziehen straf- oder zivilrechtliche Folgen nach sich. Alle Rechte vorbehalten.<\/fieldset>\n<p>&nbsp;<\/p>\n<fieldset>\n<legend>Nutzungsbedingungen (Kurzform)<\/legend>\n<p>Der Rechteinhaber beh\u00e4lt sich das Recht vor, jederzeit und ohne vorherige Ank\u00fcndigung \u00c4nderungen an den Inhalten der Internetpr\u00e4senz vorzunehmen, oder das Angebot im Ganzen einzustellen. Es besteht kein direkter oder abgeleiteter Anspruch auf die Verf\u00fcgbarkeit und Erreichbarkeit. Trotz sorgf\u00e4ltiger Pr\u00fcfung aller Inhalte besteht keine Gew\u00e4hr auf die Richtigkeit der gemachten Angaben.<\/fieldset>\n","protected":false},"excerpt":{"rendered":"<p>Unternehmen: Firmensitz:\u00a0\u00a0\u00a0\u00a0\u00a0\u00a0\u00a0\u00a0 SE-LOGISTIC Cannstatter Str. 76 D-70734 Fellbach Kontakt:\u00a0\u00a0\u00a0\u00a0\u00a0\u00a0\u00a0\u00a0\u00a0\u00a0Tel.: +49 711 5708-356 Fax.: +49 711 5708-357 E-Mail:\u00a0 USt-Nr.: \u00a0\u00a0\u00a0\u00a0\u00a0\u00a0\u00a0\u00a0\u00a0\u00a0DE194524395 Gerichtsstand und Erf\u00fcllungsort:\u00a0\u00a0\u00a0Stuttgart Handelsregisternummer: HRA 726336 Gesch\u00e4ftsleitung: S. Ehrhardt Gesch\u00e4ftsfelder:\u00a0\u00a0Landtransport \/ Luftfracht \/ Logistikdienstleistungen \/ Seefracht \/ Zollagent &nbsp; Bildnachweise: Dargestellte Bilder sind gemeinfrei (Public Domain) entsprechend der Verzichtserkl\u00e4rung Creative Commons CC0.\u00a0 Wir danken Pixabay f\u00fcr diesen Service.\u00a0 Die Abbildung von &hellip;<\/p>\n","protected":false},"author":1,"featured_media":0,"parent":0,"menu_order":0,"comment_status":"closed","ping_status":"closed","template":"","meta":{"footnotes":""},"class_list":["post-87","page","type-page","status-publish","hentry"],"_links":{"self":[{"href":"https:\/\/www.se-logistic.eu\/de\/wp-json\/wp\/v2\/pages\/87","targetHints":{"allow":["GET"]}}],"collection":[{"href":"https:\/\/www.se-logistic.eu\/de\/wp-json\/wp\/v2\/pages"}],"about":[{"href":"https:\/\/www.se-logistic.eu\/de\/wp-json\/wp\/v2\/types\/page"}],"author":[{"embeddable":true,"href":"https:\/\/www.se-logistic.eu\/de\/wp-json\/wp\/v2\/users\/1"}],"replies":[{"embeddable":true,"href":"https:\/\/www.se-logistic.eu\/de\/wp-json\/wp\/v2\/comments?post=87"}],"version-history":[{"count":5,"href":"https:\/\/www.se-logistic.eu\/de\/wp-json\/wp\/v2\/pages\/87\/revisions"}],"predecessor-version":[{"id":188,"href":"https:\/\/www.se-logistic.eu\/de\/wp-json\/wp\/v2\/pages\/87\/revisions\/188"}],"wp:attachment":[{"href":"https:\/\/www.se-logistic.eu\/de\/wp-json\/wp\/v2\/media?parent=87"}],"curies":[{"name":"wp","href":"https:\/\/api.w.org\/{rel}","templated":true}]}}