{"id":91,"date":"2018-04-24T16:58:02","date_gmt":"2018-04-24T16:58:02","guid":{"rendered":"http:\/\/developedby.blankpages.de\/se20\/?page_id=91"},"modified":"2018-04-24T16:58:02","modified_gmt":"2018-04-24T16:58:02","slug":"nutzungsbedingungen","status":"publish","type":"page","link":"https:\/\/www.se-logistic.eu\/de\/nutzungsbedingungen\/","title":{"rendered":"Nutzungsbedingungen"},"content":{"rendered":"<div class=\"node\">\n<div class=\"content\">\n<fieldset>\n<legend>Nutzungsbedingungen<\/legend>\n<p>SE-LOGISTIC (&#8222;wir&#8220;) benuzt diesen Internetauftritt (&#8222;Homepage&#8220;) zur Selbstdarstellung und zur Verf\u00fcgungsstellung von wichtigen Informationen f\u00fcr unsere Kunden. Aus diesem Grund unterliegt die Homepage einem st\u00e4ndigen Ver\u00e4nderungsprozess. Wir behalten uns das Recht vor einzelne Inhalte, oder das komplette Angebot, ohne vorherige Ank\u00fcndigung, zu erweitern, \u00e4ndern oder einzustellen. Die Erreichbarkeit kann nicht garantiert werden.<\/p>\n<p>Trotz sorgf\u00e4tiger Pr\u00fcfung aller Inhalte besteht keine Gew\u00e4hr auf die Richtigkeit der gemachten Angaben. SE-LOGISTIC haftet nicht f\u00fcr die Inhalte anderer Anbieter, die \u00fcber die Hyperlinks auf unserer Homepage erreicht werden k\u00f6nnen. Einige Links unserer Seite verweisen auf Inhalte, die nicht auf eigenen Servern gespeichert sind. Externe Inhalte wurden beim Setzen von Links auf Rechtswidrigkeit und Strafbarkeit gepr\u00fcft. Dennoch ist nicht auszuschlie\u00dfen, dass Inhalte im Nachhinein von Anbietern ver\u00e4ndert werden. SE-LOGISTIC ist nicht verpflichtet, diese st\u00e4ndig zu pr\u00fcfen und lehnt daher jegliche Haftung ab.<\/p>\n<p>Die Inhalte dieser Internetpr\u00e4senz (*.se-logistic.*) sind urheberrechtlich gesch\u00fctzt. Die Nutzung ist nur zu dem von SE-LOGISTIC beabsichtigten Zweck zul\u00e4ssig. Jede Vervielf\u00e4ltigung, Vorf\u00fchrung, Sendung und\/oder Leihe der kompletten Internetpr\u00e4senz oder einzelner Inhalte ist ohne vorherige schriftliche Einwilligung des Rechteinhabers untersagt und zieht, im Falle der Zuwiderhandlung, straf- oder zivilrechtliche Folgen nach sich. Alle Rechte vorbehalten. Alle Angaben ohne Gew\u00e4hr.<\/fieldset>\n<\/div>\n<\/div>\n<div><\/div>\n","protected":false},"excerpt":{"rendered":"<p>Nutzungsbedingungen SE-LOGISTIC (&#8222;wir&#8220;) benuzt diesen Internetauftritt (&#8222;Homepage&#8220;) zur Selbstdarstellung und zur Verf\u00fcgungsstellung von wichtigen Informationen f\u00fcr unsere Kunden. Aus diesem Grund unterliegt die Homepage einem st\u00e4ndigen Ver\u00e4nderungsprozess. Wir behalten uns das Recht vor einzelne Inhalte, oder das komplette Angebot, ohne vorherige Ank\u00fcndigung, zu erweitern, \u00e4ndern oder einzustellen. Die Erreichbarkeit kann nicht garantiert werden. Trotz sorgf\u00e4tiger Pr\u00fcfung aller Inhalte besteht keine &hellip;<\/p>\n","protected":false},"author":1,"featured_media":0,"parent":0,"menu_order":0,"comment_status":"closed","ping_status":"closed","template":"","meta":{"footnotes":""},"class_list":["post-91","page","type-page","status-publish","hentry"],"_links":{"self":[{"href":"https:\/\/www.se-logistic.eu\/de\/wp-json\/wp\/v2\/pages\/91","targetHints":{"allow":["GET"]}}],"collection":[{"href":"https:\/\/www.se-logistic.eu\/de\/wp-json\/wp\/v2\/pages"}],"about":[{"href":"https:\/\/www.se-logistic.eu\/de\/wp-json\/wp\/v2\/types\/page"}],"author":[{"embeddable":true,"href":"https:\/\/www.se-logistic.eu\/de\/wp-json\/wp\/v2\/users\/1"}],"replies":[{"embeddable":true,"href":"https:\/\/www.se-logistic.eu\/de\/wp-json\/wp\/v2\/comments?post=91"}],"version-history":[{"count":1,"href":"https:\/\/www.se-logistic.eu\/de\/wp-json\/wp\/v2\/pages\/91\/revisions"}],"predecessor-version":[{"id":92,"href":"https:\/\/www.se-logistic.eu\/de\/wp-json\/wp\/v2\/pages\/91\/revisions\/92"}],"wp:attachment":[{"href":"https:\/\/www.se-logistic.eu\/de\/wp-json\/wp\/v2\/media?parent=91"}],"curies":[{"name":"wp","href":"https:\/\/api.w.org\/{rel}","templated":true}]}}